{"id":37,"date":"2025-09-24T20:30:58","date_gmt":"2025-09-24T20:30:58","guid":{"rendered":"http:\/\/jhakola.com\/wordpress\/?page_id=37"},"modified":"2026-01-07T11:23:17","modified_gmt":"2026-01-07T09:23:17","slug":"kuka","status":"publish","type":"page","link":"https:\/\/jhakola.com\/wordpress\/","title":{"rendered":"Kuka"},"content":{"rendered":"\n<figure class=\"wp-block-image size-large is-resized\"><img loading=\"lazy\" decoding=\"async\" width=\"768\" height=\"1024\" src=\"https:\/\/jhakola.com\/wordpress\/wp-content\/uploads\/2025\/09\/signal-2025-06-12-134742_002-1-768x1024.jpeg\" alt=\"\" class=\"wp-image-14\" style=\"aspect-ratio:0.7500197957082905;width:347px;height:auto\" srcset=\"https:\/\/jhakola.com\/wordpress\/wp-content\/uploads\/2025\/09\/signal-2025-06-12-134742_002-1-768x1024.jpeg 768w, https:\/\/jhakola.com\/wordpress\/wp-content\/uploads\/2025\/09\/signal-2025-06-12-134742_002-1-225x300.jpeg 225w, https:\/\/jhakola.com\/wordpress\/wp-content\/uploads\/2025\/09\/signal-2025-06-12-134742_002-1-1152x1536.jpeg 1152w, https:\/\/jhakola.com\/wordpress\/wp-content\/uploads\/2025\/09\/signal-2025-06-12-134742_002-1.jpeg 1200w\" sizes=\"auto, (max-width: 768px) 100vw, 768px\" \/><\/figure>\n\n\n\n<pre class=\"wp-block-preformatted has-black-color has-text-color has-link-color wp-elements-9715705f351cfc06ea552207466127f8\" style=\"font-size:18px;text-decoration:none\"><br>Olen Tampereella asuva monipuolinen IT-alan<br>ammattilainen, jolla on yli 5-vuoden kokemus<br>erilaisista IT-tuen teht\u00e4vist\u00e4. Tulen ihmisten kanssa<br>hyvin toimeen ja minua motivoi ty\u00f6ss\u00e4ni se, ett\u00e4 n\u00e4en<br>oman ty\u00f6ni j\u00e4ljen ja tuloksen. Olen luonteeltani<br>rauhallinen ja heitt\u00e4ydyn usein rohkeasti uusiin<br>tilanteisiin jossa haluan haastaa itseni, esimerkkin\u00e4<br>voisi olla osallistumiseni vuonna 1992<br>tenavat\u00e4htilaulukilpailuun. Kykenen tehokkaaseen<br>ongelmanratkaisuun ja nopeaan reagointiin<br>erilaisissa teknisiss\u00e4 tilanteissa. Tietoteknist\u00e4<br>osaamista l\u00f6ytyy l\u00e4hes 30-vuoden ajalta. <br><br>Harrastan my\u00f6s valokuvaamista ja sanoitusten, ajatelmien <br>ja runollisuuden kirjoittamista. Kuuntelen paljon musiikkia, <br>sek\u00e4 tykk\u00e4\u00e4n k\u00e4yd\u00e4 keikoilla ja muutenkin seurailla alan <br>tapahtumia ja trendej\u00e4. <br><br>My\u00f6s elokuvat ja sarjat on my\u00f6s minulle l\u00e4hell\u00e4 syd\u00e4nt\u00e4.<br><br>Se mit\u00e4 et osaa, voit oppia!<\/pre>\n","protected":false},"excerpt":{"rendered":"<p>Olen Tampereella asuva monipuolinen IT-alanammattilainen, jolla on yli 5-vuoden kokemuserilaisista&#8230; <a class=\"di-continue-reading\" href=\"https:\/\/jhakola.com\/wordpress\/\"> Continue Reading&#8230;<\/a><\/p>\n","protected":false},"author":1,"featured_media":0,"parent":0,"menu_order":0,"comment_status":"closed","ping_status":"closed","template":"","meta":{"_monsterinsights_skip_tracking":false,"_monsterinsights_sitenote_active":false,"_monsterinsights_sitenote_note":"","_monsterinsights_sitenote_category":0,"footnotes":""},"class_list":["post-37","page","type-page","status-publish","hentry"],"aioseo_notices":[],"_links":{"self":[{"href":"https:\/\/jhakola.com\/wordpress\/wp-json\/wp\/v2\/pages\/37","targetHints":{"allow":["GET"]}}],"collection":[{"href":"https:\/\/jhakola.com\/wordpress\/wp-json\/wp\/v2\/pages"}],"about":[{"href":"https:\/\/jhakola.com\/wordpress\/wp-json\/wp\/v2\/types\/page"}],"author":[{"embeddable":true,"href":"https:\/\/jhakola.com\/wordpress\/wp-json\/wp\/v2\/users\/1"}],"replies":[{"embeddable":true,"href":"https:\/\/jhakola.com\/wordpress\/wp-json\/wp\/v2\/comments?post=37"}],"version-history":[{"count":21,"href":"https:\/\/jhakola.com\/wordpress\/wp-json\/wp\/v2\/pages\/37\/revisions"}],"predecessor-version":[{"id":304,"href":"https:\/\/jhakola.com\/wordpress\/wp-json\/wp\/v2\/pages\/37\/revisions\/304"}],"wp:attachment":[{"href":"https:\/\/jhakola.com\/wordpress\/wp-json\/wp\/v2\/media?parent=37"}],"curies":[{"name":"wp","href":"https:\/\/api.w.org\/{rel}","templated":true}]}}