{"id":39,"date":"2025-09-24T20:30:58","date_gmt":"2025-09-24T20:30:58","guid":{"rendered":"http:\/\/jhakola.com\/wordpress\/?page_id=39"},"modified":"2026-01-07T10:16:07","modified_gmt":"2026-01-07T08:16:07","slug":"ura","status":"publish","type":"page","link":"https:\/\/jhakola.com\/wordpress\/ura\/","title":{"rendered":"Ura"},"content":{"rendered":"\n<p><strong>Palvelupisteasiantuntija<\/strong><br>Istekki Oy<br>Palvelupisteasiantuntijan<br>teht\u00e4v\u00e4t.<br>11\/2021 \u2013 06\/2023<\/p>\n\n\n\n<p><strong>IT-tukihenkil\u00f6<br><\/strong>Fujitsu Finland<br>Ty\u00f6asemien, mobiililaitteiden ja<br>\u00e4lypuhelinten k\u00e4ytt\u00f6\u00f6notto,<br>vianm\u00e4\u00e4ritys ja<br>ohjelmistoasennukset sek\u00e4<br>p\u00e4ivitykset. Henkil\u00f6kunnan<br>opastaminen ICT-laitteiden ja<br>ohjelmistojen k\u00e4yt\u00f6ss\u00e4 ja<br>tietoturvassa.<br>03\/2018 \u2013 11\/2018<\/p>\n\n\n\n<p><strong>IT-tukihenkil\u00f6<br><\/strong>Tampereen Yliopisto<br>Ty\u00f6asemien, mobiililaitteiden ja<br>\u00e4lypuhelinten k\u00e4ytt\u00f6\u00f6notto, yll\u00e4pito,<br>vianm\u00e4\u00e4ritys ja ohjelmistoasennukset<br>sek\u00e4 p\u00e4ivitykset. Henkil\u00f6kunnan ja<br>opiskelijoiden opastaminen ICT-laitteiden ja ohjelmistojen k\u00e4yt\u00f6ss\u00e4 ja<br>tietoturvassa. Asiakaspalvelu IT-Helpdeskiss\u00e4.<br>03\/2016 \u2013 03\/2017<\/p>\n\n\n\n<p><\/p>\n\n\n\n<p><strong>Java-sovelluskehitt\u00e4j\u00e4<\/strong><br>Toyme Lab<br>Java-pohjaiseen pilvipalveluun<br>tutustuminen sek\u00e4 sen<br>ohjemointia. Ty\u00f6harjoittelu.<br>09\/2015 \u2013 11\/2015<\/p>\n\n\n\n<p><\/p>\n\n\n\n<p><strong>Atk-suunnittelija<\/strong><br>Ammattiopisto Tredu<br>Ohjelmointi, atk-tuki ja<br>j\u00e4rjestelm\u00e4dokumentointi.<br>Ty\u00f6harjoittelu.<br>08\/2014 \u2013 01\/2015<\/p>\n\n\n\n<p><\/p>\n\n\n\n<p><strong>IT-tukihenkil\u00f6<\/strong><br>Ammattiopisto Luovi<br>Atk-asennusty\u00f6t,<br>ongelmienratkaisut, atklaitteiden kierr\u00e4tys,<br>j\u00e4rjestelm\u00e4valvojan toimintoihin<br>tutustuminen, et\u00e4luentojen<br>suunnittelu ja toteutus ja<br>opiskelijoiden ohjaus atkopetustunneilla. Ty\u00f6harjoittelu.<br>09\/2008 \u2013 12\/2008<\/p>\n","protected":false},"excerpt":{"rendered":"<p>PalvelupisteasiantuntijaIstekki OyPalvelupisteasiantuntijanteht\u00e4v\u00e4t.11\/2021 \u2013 06\/2023 IT-tukihenkil\u00f6Fujitsu FinlandTy\u00f6asemien, mobiililaitteiden ja\u00e4lypuhelinten k\u00e4ytt\u00f6\u00f6notto,vianm\u00e4\u00e4ritys jaohjelmistoasennukset&#8230; <a class=\"di-continue-reading\" href=\"https:\/\/jhakola.com\/wordpress\/ura\/\"> Continue Reading&#8230;<\/a><\/p>\n","protected":false},"author":1,"featured_media":0,"parent":0,"menu_order":0,"comment_status":"closed","ping_status":"closed","template":"","meta":{"_monsterinsights_skip_tracking":false,"_monsterinsights_sitenote_active":false,"_monsterinsights_sitenote_note":"","_monsterinsights_sitenote_category":0,"footnotes":""},"class_list":["post-39","page","type-page","status-publish","hentry"],"aioseo_notices":[],"_links":{"self":[{"href":"https:\/\/jhakola.com\/wordpress\/wp-json\/wp\/v2\/pages\/39","targetHints":{"allow":["GET"]}}],"collection":[{"href":"https:\/\/jhakola.com\/wordpress\/wp-json\/wp\/v2\/pages"}],"about":[{"href":"https:\/\/jhakola.com\/wordpress\/wp-json\/wp\/v2\/types\/page"}],"author":[{"embeddable":true,"href":"https:\/\/jhakola.com\/wordpress\/wp-json\/wp\/v2\/users\/1"}],"replies":[{"embeddable":true,"href":"https:\/\/jhakola.com\/wordpress\/wp-json\/wp\/v2\/comments?post=39"}],"version-history":[{"count":8,"href":"https:\/\/jhakola.com\/wordpress\/wp-json\/wp\/v2\/pages\/39\/revisions"}],"predecessor-version":[{"id":300,"href":"https:\/\/jhakola.com\/wordpress\/wp-json\/wp\/v2\/pages\/39\/revisions\/300"}],"wp:attachment":[{"href":"https:\/\/jhakola.com\/wordpress\/wp-json\/wp\/v2\/media?parent=39"}],"curies":[{"name":"wp","href":"https:\/\/api.w.org\/{rel}","templated":true}]}}